{"id":25,"date":"2019-09-02T07:23:47","date_gmt":"2019-09-02T07:23:47","guid":{"rendered":"http:\/\/polygone-ing.com\/?p=25"},"modified":"2023-05-29T13:40:05","modified_gmt":"2023-05-29T13:40:05","slug":"cwe-group","status":"publish","type":"page","link":"https:\/\/polygone-ing.com\/cwe-group\/","title":{"rendered":"CWE Group"},"content":{"rendered":"<div>\n<p>        <img decoding=\"async\" src=\"\/wp-content\/uploads\/2023\/05\/qw.jpg\" alt=\"\"><\/p>\n<\/div>\n<h1>\n<h2 class=\"uk-h3 uk-heading-bullet\" data-id=\"page#1-0-0-0\"><strong>KAIZEN<\/strong><\/h2>\n<\/h1>\n<div>\n<p>(Chantiers d\u2019Am\u00e9lioration)<\/p>\n<\/div>\n<p><img decoding=\"async\" src=\"\/wp-content\/uploads\/2023\/05\/automobile-380x380px-380x380-c-default.jpg\" alt=\"\"><\/p>\n<ul>\n    <\/ul>\n<ul>\n<li>\n<h3>Pilotage de projets d\u2019am\u00e9lioration<\/h3>\n<div>\n<p><span>votre partenaire de confiance pour piloter des projets d\u2019am\u00e9lioration et favoriser une culture d\u2019am\u00e9lioration continue. Gr\u00e2ce \u00e0 notre expertise dans les m\u00e9thodologies POLYGONE, nous fournissons des solutions compl\u00e8tes pour aider les organisations \u00e0 optimiser leurs processus, \u00e0 accro\u00eetre leur efficacit\u00e9 et \u00e0 atteindre une croissance durable.<\/span><\/p>\n<\/div>\n<\/li>\n<li>\n<h3>\u00c9valuation et analyse :<\/h3>\n<div>\n<p><span>syst\u00e8mes et flux de travail actuels. Notre \u00e9quipe identifie les goulots d\u2019\u00e9tranglement, les inefficacit\u00e9s et les domaines \u00e0 am\u00e9liorer, en recueillant des donn\u00e9es pr\u00e9cieuses pour \u00e9clairer notre strat\u00e9gie.<\/span><\/p>\n<\/div>\n<\/li>\n<li>\n<h3>Plans d\u2019am\u00e9lioration personnalis\u00e9s :<\/h3>\n<div>\n<p><span>Sur la base des r\u00e9sultats de l\u2019\u00e9valuation, nous \u00e9laborons des plans d\u2019am\u00e9lioration personnalis\u00e9s align\u00e9s sur vos buts et objectifs. Notre approche se concentre sur de petits changements g\u00e9rables qui ont un impact significatif, garantissant une transformation durable et r\u00e9ussie.<\/span><\/p>\n<\/div>\n<\/li>\n<li>\n<h3>Mise en \u0153uvre et suivi :<\/h3>\n<div>\n<p><span>Nos experts travaillent en \u00e9troite collaboration avec vos \u00e9quipes pour mettre en \u0153uvre efficacement les initiatives d\u2019am\u00e9lioration. Nous fournissons des conseils, un soutien et des outils pour faciliter les changements, tout en surveillant les progr\u00e8s et en veillant \u00e0 ce que les r\u00e9sultats souhait\u00e9s soient atteints.<\/span><\/p>\n<\/div>\n<\/li>\n<li>\n<h3>Am\u00e9lioration soutenue :<\/h3>\n<div>\n<p><span>POLYGONE croit en la cr\u00e9ation d\u2019un changement durable. Nous \u00e9tablissons des m\u00e9canismes pour soutenir les am\u00e9liorations obtenues, tels que des \u00e9valuations r\u00e9guli\u00e8res des performances, des boucles de r\u00e9troaction et un perfectionnement continu des processus<\/span><\/p>\n<\/div>\n<\/li>\n<\/ul>\n<h2>\n<h5><strong>Conception et optimisation de produits\u00a0: <\/strong>le logiciel <strong>CMC<\/strong> facilite la conception de produits en fournissant des outils de mod\u00e9lisation, de visualisation et de tests virtuels en <strong>3D<\/strong>. Les ing\u00e9nieurs peuvent cr\u00e9er des mod\u00e8les d\u00e9taill\u00e9s de composants ou de syst\u00e8mes, \u00e9valuer leurs performances et optimiser les conceptions pour r\u00e9pondre \u00e0 des exigences sp\u00e9cifiques. Ce processus de conception it\u00e9ratif permet de r\u00e9duire le temps et les co\u00fbts de d\u00e9veloppement, car les prototypes physiques peuvent \u00eatre minimis\u00e9s ou \u00e9limin\u00e9s.<\/h5>\n<\/h2>\n<div>\n<p>        <img decoding=\"async\" src=\"\/wp-content\/uploads\/2023\/05\/lol.jpg\" alt=\"\"><\/p>\n<\/div>\n<p><!--more--><br \/>\n<!-- {\"type\":\"layout\",\"children\":[{\"name\":\"1th\",\"type\":\"section\",\"props\":{\"animation_delay\":false,\"image\":\"\",\"image_position\":\"center-center\",\"padding\":\"none\",\"style\":\"default\",\"title_breakpoint\":\"xl\",\"title_position\":\"top-left\",\"title_rotation\":\"left\",\"vertical_align\":\"middle\",\"width\":\"default\"},\"children\":[{\"name\":\"\",\"type\":\"row\",\"children\":[{\"name\":\"\",\"type\":\"column\",\"props\":{\"image_position\":\"center-center\",\"media_overlay_gradient\":\"\",\"position_sticky_breakpoint\":\"m\",\"width_medium\":\"1-1\"},\"children\":[{\"type\":\"panel\",\"props\":{\"content_column_breakpoint\":\"m\",\"icon_width\":80,\"image\":\"wp-content\\\/uploads\\\/2023\\\/05\\\/qw.jpg\",\"image_align\":\"top\",\"image_grid_breakpoint\":\"m\",\"image_grid_width\":\"1-2\",\"image_height\":\"310\",\"image_svg_color\":\"emphasis\",\"image_width\":\"1500\",\"link_style\":\"default\",\"link_text\":\"Read more\",\"margin\":\"default\",\"meta_align\":\"below-title\",\"meta_element\":\"div\",\"meta_style\":\"text-meta\",\"title_align\":\"top\",\"title_element\":\"h3\",\"title_grid_breakpoint\":\"m\",\"title_grid_width\":\"1-2\",\"title_hover_style\":\"reset\"}},{\"type\":\"headline\",\"props\":{\"content\":\"\n\n<h2 class=\\\"uk-h3 uk-heading-bullet\\\" data-id=\\\"page#1-0-0-0\\\"><strong>KAIZEN<\\\/strong><\\\/h2>\",\"title_element\":\"h1\"}},{\"name\":\"\",\"type\":\"text\",\"props\":{\"column_breakpoint\":\"m\",\"content\":\"\n\n<p>(Chantiers d\\u2019Am\\u00e9lioration)<\\\/p>\",\"margin\":\"remove-vertical\"}}]}]},{\"name\":\"\",\"type\":\"row\",\"props\":{\"column_gap\":\"large\",\"layout\":\"1-3,2-3\",\"row_gap\":\"large\"},\"children\":[{\"name\":\"\",\"type\":\"column\",\"props\":{\"image_position\":\"center-center\",\"media_overlay_gradient\":\"\",\"position_sticky_breakpoint\":\"m\",\"width_small\":\"1-3\"},\"children\":[{\"name\":\"\",\"type\":\"image\",\"props\":{\"image\":\"wp-content\\\/uploads\\\/2023\\\/05\\\/automobile-380x380px-380x380-c-default.jpg\",\"image_loading\":true,\"image_svg_color\":\"emphasis\",\"image_width\":\"600\",\"margin\":\"default\"}},{\"type\":\"social\",\"props\":{\"grid\":\"horizontal\",\"grid_gap\":\"small\",\"link_style\":\"button\",\"margin\":\"default\"},\"children\":[]}]},{\"name\":\"\",\"type\":\"column\",\"props\":{\"image_position\":\"center-center\",\"media_overlay_gradient\":\"\",\"position_sticky_breakpoint\":\"m\",\"width_small\":\"2-3\"},\"children\":[{\"type\":\"accordion\",\"props\":{\"collapsible\":true,\"content_column_breakpoint\":\"m\",\"image_align\":\"top\",\"image_grid_breakpoint\":\"m\",\"image_grid_width\":\"1-2\",\"image_svg_color\":\"emphasis\",\"link_style\":\"default\",\"link_text\":\"Read more\",\"show_image\":true,\"show_link\":true},\"children\":[{\"type\":\"accordion_item\",\"props\":{\"content\":\"\n\n<p><span>votre partenaire de confiance pour piloter des projets d\\u2019am\\u00e9lioration et favoriser une culture d\\u2019am\\u00e9lioration continue. Gr\\u00e2ce \\u00e0 notre expertise dans les m\\u00e9thodologies POLYGONE, nous fournissons des solutions compl\\u00e8tes pour aider les organisations \\u00e0 optimiser leurs processus, \\u00e0 accro\\u00eetre leur efficacit\\u00e9 et \\u00e0 atteindre une croissance durable.<\\\/span><\\\/p>\",\"title\":\"Pilotage de projets d\\u2019am\\u00e9lioration\"}},{\"type\":\"accordion_item\",\"props\":{\"content\":\"\n\n<p><span>syst\\u00e8mes et flux de travail actuels. Notre \\u00e9quipe identifie les goulots d\\u2019\\u00e9tranglement, les inefficacit\\u00e9s et les domaines \\u00e0 am\\u00e9liorer, en recueillant des donn\\u00e9es pr\\u00e9cieuses pour \\u00e9clairer notre strat\\u00e9gie.<\\\/span><\\\/p>\",\"title\":\"\\u00c9valuation et analyse :\"}},{\"type\":\"accordion_item\",\"props\":{\"content\":\"\n\n<p><span>Sur la base des r\\u00e9sultats de l\\u2019\\u00e9valuation, nous \\u00e9laborons des plans d\\u2019am\\u00e9lioration personnalis\\u00e9s align\\u00e9s sur vos buts et objectifs. Notre approche se concentre sur de petits changements g\\u00e9rables qui ont un impact significatif, garantissant une transformation durable et r\\u00e9ussie.<\\\/span><\\\/p>\",\"title\":\"Plans d\\u2019am\\u00e9lioration personnalis\\u00e9s :\"}},{\"type\":\"accordion_item\",\"props\":{\"content\":\"\n\n<p><span>Nos experts travaillent en \\u00e9troite collaboration avec vos \\u00e9quipes pour mettre en \\u0153uvre efficacement les initiatives d\\u2019am\\u00e9lioration. Nous fournissons des conseils, un soutien et des outils pour faciliter les changements, tout en surveillant les progr\\u00e8s et en veillant \\u00e0 ce que les r\\u00e9sultats souhait\\u00e9s soient atteints.<\\\/span><\\\/p>\",\"title\":\"Mise en \\u0153uvre et suivi :\"}},{\"type\":\"accordion_item\",\"props\":{\"content\":\"\n\n<p><span>POLYGONE croit en la cr\\u00e9ation d\\u2019un changement durable. Nous \\u00e9tablissons des m\\u00e9canismes pour soutenir les am\\u00e9liorations obtenues, tels que des \\u00e9valuations r\\u00e9guli\\u00e8res des performances, des boucles de r\\u00e9troaction et un perfectionnement continu des processus<\\\/span><\\\/p>\",\"title\":\"Am\\u00e9lioration soutenue :\"}}]}]}]}]},{\"type\":\"section\",\"props\":{\"image_position\":\"center-center\",\"style\":\"muted\",\"title_breakpoint\":\"xl\",\"title_position\":\"top-left\",\"title_rotation\":\"left\",\"vertical_align\":\"middle\",\"width\":\"default\"},\"children\":[{\"type\":\"row\",\"children\":[{\"type\":\"column\",\"props\":{\"image_position\":\"center-center\",\"media_overlay_gradient\":\"\",\"position_sticky_breakpoint\":\"m\"},\"children\":[{\"name\":\"head\",\"type\":\"headline\",\"props\":{\"content\":\"\n\n<h5><strong>Conception et optimisation de produits\\u00a0: <\\\/strong>le logiciel <strong>CMC<\\\/strong> facilite la conception de produits en fournissant des outils de mod\\u00e9lisation, de visualisation et de tests virtuels en <strong>3D<\\\/strong>. Les ing\\u00e9nieurs peuvent cr\\u00e9er des mod\\u00e8les d\\u00e9taill\\u00e9s de composants ou de syst\\u00e8mes, \\u00e9valuer leurs performances et optimiser les conceptions pour r\\u00e9pondre \\u00e0 des exigences sp\\u00e9cifiques. Ce processus de conception it\\u00e9ratif permet de r\\u00e9duire le temps et les co\\u00fbts de d\\u00e9veloppement, car les prototypes physiques peuvent \\u00eatre minimis\\u00e9s ou \\u00e9limin\\u00e9s.<\\\/h5>\",\"title_color\":\"warning\",\"title_decoration\":\"bullet\",\"title_element\":\"h2\",\"title_style\":\"h3\"}},{\"name\":\"rest of hsd\",\"type\":\"panel\",\"props\":{\"content\":\"\",\"content_column_breakpoint\":\"m\",\"icon_width\":80,\"image\":\"wp-content\\\/uploads\\\/2023\\\/05\\\/lol.jpg\",\"image_align\":\"top\",\"image_grid_breakpoint\":\"m\",\"image_grid_width\":\"1-2\",\"image_svg_color\":\"emphasis\",\"image_width\":\"910\",\"link\":\"\",\"link_style\":\"link-text\",\"link_text\":\"call now\",\"margin\":\"default\",\"meta\":\"\",\"meta_align\":\"above-title\",\"meta_element\":\"div\",\"meta_style\":\"text-meta\",\"title\":\"\",\"title_align\":\"top\",\"title_element\":\"h3\",\"title_grid_breakpoint\":\"m\",\"title_grid_width\":\"1-2\",\"title_hover_style\":\"reset\"}}]}]}]}],\"version\":\"3.0.31\"} --><\/p>\n","protected":false},"excerpt":{"rendered":"<p>KAIZEN (Chantiers d\u2019Am\u00e9lioration) Pilotage de projets d\u2019am\u00e9lioration votre partenaire de confiance pour piloter des projets d\u2019am\u00e9lioration et favoriser une culture d\u2019am\u00e9lioration continue. Gr\u00e2ce \u00e0 notre expertise dans les m\u00e9thodologies POLYGONE, nous fournissons des solutions compl\u00e8tes pour aider les organisations \u00e0 optimiser leurs processus, \u00e0 accro\u00eetre leur efficacit\u00e9 et \u00e0 atteindre une croissance durable. \u00c9valuation et [&hellip;]<\/p>\n","protected":false},"author":1,"featured_media":0,"parent":0,"menu_order":1,"comment_status":"open","ping_status":"open","template":"","meta":{"_uf_show_specific_survey":0,"_uf_disable_surveys":false,"footnotes":""},"class_list":["post-25","page","type-page","status-publish","hentry"],"acf":[],"yoast_head":"<!-- This site is optimized with the Yoast SEO plugin v21.5 - https:\/\/yoast.com\/wordpress\/plugins\/seo\/ -->\n<title>CWE Group - POLYGONE INGENIERIE<\/title>\n<meta name=\"robots\" content=\"index, follow, max-snippet:-1, max-image-preview:large, max-video-preview:-1\" \/>\n<link rel=\"canonical\" href=\"https:\/\/polygone-ing.com\/cwe-group\/\" \/>\n<meta property=\"og:locale\" content=\"fr_FR\" \/>\n<meta property=\"og:type\" content=\"article\" \/>\n<meta property=\"og:title\" content=\"CWE Group - POLYGONE INGENIERIE\" \/>\n<meta property=\"og:description\" content=\"KAIZEN (Chantiers d\u2019Am\u00e9lioration) Pilotage de projets d\u2019am\u00e9lioration votre partenaire de confiance pour piloter des projets d\u2019am\u00e9lioration et favoriser une culture d\u2019am\u00e9lioration continue. Gr\u00e2ce \u00e0 notre expertise dans les m\u00e9thodologies POLYGONE, nous fournissons des solutions compl\u00e8tes pour aider les organisations \u00e0 optimiser leurs processus, \u00e0 accro\u00eetre leur efficacit\u00e9 et \u00e0 atteindre une croissance durable. \u00c9valuation et [&hellip;]\" \/>\n<meta property=\"og:url\" content=\"https:\/\/polygone-ing.com\/cwe-group\/\" \/>\n<meta property=\"og:site_name\" content=\"POLYGONE INGENIERIE\" \/>\n<meta property=\"article:modified_time\" content=\"2023-05-29T13:40:05+00:00\" \/>\n<meta name=\"twitter:card\" content=\"summary_large_image\" \/>\n<meta name=\"twitter:label1\" content=\"Dur\u00e9e de lecture estim\u00e9e\" \/>\n\t<meta name=\"twitter:data1\" content=\"2 minutes\" \/>\n<script type=\"application\/ld+json\" class=\"yoast-schema-graph\">{\"@context\":\"https:\/\/schema.org\",\"@graph\":[{\"@type\":\"WebPage\",\"@id\":\"https:\/\/polygone-ing.com\/cwe-group\/\",\"url\":\"https:\/\/polygone-ing.com\/cwe-group\/\",\"name\":\"CWE Group - POLYGONE INGENIERIE\",\"isPartOf\":{\"@id\":\"https:\/\/polygone-ing.com\/fr\/#website\"},\"datePublished\":\"2019-09-02T07:23:47+00:00\",\"dateModified\":\"2023-05-29T13:40:05+00:00\",\"breadcrumb\":{\"@id\":\"https:\/\/polygone-ing.com\/cwe-group\/#breadcrumb\"},\"inLanguage\":\"fr-FR\",\"potentialAction\":[{\"@type\":\"ReadAction\",\"target\":[\"https:\/\/polygone-ing.com\/cwe-group\/\"]}]},{\"@type\":\"BreadcrumbList\",\"@id\":\"https:\/\/polygone-ing.com\/cwe-group\/#breadcrumb\",\"itemListElement\":[{\"@type\":\"ListItem\",\"position\":1,\"name\":\"Accueil\",\"item\":\"https:\/\/polygone-ing.com\/\"},{\"@type\":\"ListItem\",\"position\":2,\"name\":\"CWE Group\"}]},{\"@type\":\"WebSite\",\"@id\":\"https:\/\/polygone-ing.com\/fr\/#website\",\"url\":\"https:\/\/polygone-ing.com\/fr\/\",\"name\":\"POLYGONE INGENIERIE\",\"description\":\"EXPERTS EN SOLUTIONS INDUSTRIELLES\",\"publisher\":{\"@id\":\"https:\/\/polygone-ing.com\/fr\/#organization\"},\"potentialAction\":[{\"@type\":\"SearchAction\",\"target\":{\"@type\":\"EntryPoint\",\"urlTemplate\":\"https:\/\/polygone-ing.com\/fr\/?s={search_term_string}\"},\"query-input\":\"required name=search_term_string\"}],\"inLanguage\":\"fr-FR\"},{\"@type\":\"Organization\",\"@id\":\"https:\/\/polygone-ing.com\/fr\/#organization\",\"name\":\"POLYGONE INGENIERIE\",\"url\":\"https:\/\/polygone-ing.com\/fr\/\",\"logo\":{\"@type\":\"ImageObject\",\"inLanguage\":\"fr-FR\",\"@id\":\"https:\/\/polygone-ing.com\/fr\/#\/schema\/logo\/image\/\",\"url\":\"https:\/\/polygone-ing.com\/wp-content\/uploads\/2023\/07\/LogoV8.png\",\"contentUrl\":\"https:\/\/polygone-ing.com\/wp-content\/uploads\/2023\/07\/LogoV8.png\",\"width\":1800,\"height\":440,\"caption\":\"POLYGONE INGENIERIE\"},\"image\":{\"@id\":\"https:\/\/polygone-ing.com\/fr\/#\/schema\/logo\/image\/\"},\"sameAs\":[\"https:\/\/www.linkedin.com\/company\/polygone-ing\/\"]}]}<\/script>\n<!-- \/ Yoast SEO plugin. -->","yoast_head_json":{"title":"CWE Group - POLYGONE INGENIERIE","robots":{"index":"index","follow":"follow","max-snippet":"max-snippet:-1","max-image-preview":"max-image-preview:large","max-video-preview":"max-video-preview:-1"},"canonical":"https:\/\/polygone-ing.com\/cwe-group\/","og_locale":"fr_FR","og_type":"article","og_title":"CWE Group - POLYGONE INGENIERIE","og_description":"KAIZEN (Chantiers d\u2019Am\u00e9lioration) Pilotage de projets d\u2019am\u00e9lioration votre partenaire de confiance pour piloter des projets d\u2019am\u00e9lioration et favoriser une culture d\u2019am\u00e9lioration continue. Gr\u00e2ce \u00e0 notre expertise dans les m\u00e9thodologies POLYGONE, nous fournissons des solutions compl\u00e8tes pour aider les organisations \u00e0 optimiser leurs processus, \u00e0 accro\u00eetre leur efficacit\u00e9 et \u00e0 atteindre une croissance durable. \u00c9valuation et [&hellip;]","og_url":"https:\/\/polygone-ing.com\/cwe-group\/","og_site_name":"POLYGONE INGENIERIE","article_modified_time":"2023-05-29T13:40:05+00:00","twitter_card":"summary_large_image","twitter_misc":{"Dur\u00e9e de lecture estim\u00e9e":"2 minutes"},"schema":{"@context":"https:\/\/schema.org","@graph":[{"@type":"WebPage","@id":"https:\/\/polygone-ing.com\/cwe-group\/","url":"https:\/\/polygone-ing.com\/cwe-group\/","name":"CWE Group - POLYGONE INGENIERIE","isPartOf":{"@id":"https:\/\/polygone-ing.com\/fr\/#website"},"datePublished":"2019-09-02T07:23:47+00:00","dateModified":"2023-05-29T13:40:05+00:00","breadcrumb":{"@id":"https:\/\/polygone-ing.com\/cwe-group\/#breadcrumb"},"inLanguage":"fr-FR","potentialAction":[{"@type":"ReadAction","target":["https:\/\/polygone-ing.com\/cwe-group\/"]}]},{"@type":"BreadcrumbList","@id":"https:\/\/polygone-ing.com\/cwe-group\/#breadcrumb","itemListElement":[{"@type":"ListItem","position":1,"name":"Accueil","item":"https:\/\/polygone-ing.com\/"},{"@type":"ListItem","position":2,"name":"CWE Group"}]},{"@type":"WebSite","@id":"https:\/\/polygone-ing.com\/fr\/#website","url":"https:\/\/polygone-ing.com\/fr\/","name":"POLYGONE INGENIERIE","description":"EXPERTS EN SOLUTIONS INDUSTRIELLES","publisher":{"@id":"https:\/\/polygone-ing.com\/fr\/#organization"},"potentialAction":[{"@type":"SearchAction","target":{"@type":"EntryPoint","urlTemplate":"https:\/\/polygone-ing.com\/fr\/?s={search_term_string}"},"query-input":"required name=search_term_string"}],"inLanguage":"fr-FR"},{"@type":"Organization","@id":"https:\/\/polygone-ing.com\/fr\/#organization","name":"POLYGONE INGENIERIE","url":"https:\/\/polygone-ing.com\/fr\/","logo":{"@type":"ImageObject","inLanguage":"fr-FR","@id":"https:\/\/polygone-ing.com\/fr\/#\/schema\/logo\/image\/","url":"https:\/\/polygone-ing.com\/wp-content\/uploads\/2023\/07\/LogoV8.png","contentUrl":"https:\/\/polygone-ing.com\/wp-content\/uploads\/2023\/07\/LogoV8.png","width":1800,"height":440,"caption":"POLYGONE INGENIERIE"},"image":{"@id":"https:\/\/polygone-ing.com\/fr\/#\/schema\/logo\/image\/"},"sameAs":["https:\/\/www.linkedin.com\/company\/polygone-ing\/"]}]}},"_links":{"self":[{"href":"https:\/\/polygone-ing.com\/wp-json\/wp\/v2\/pages\/25","targetHints":{"allow":["GET"]}}],"collection":[{"href":"https:\/\/polygone-ing.com\/wp-json\/wp\/v2\/pages"}],"about":[{"href":"https:\/\/polygone-ing.com\/wp-json\/wp\/v2\/types\/page"}],"author":[{"embeddable":true,"href":"https:\/\/polygone-ing.com\/wp-json\/wp\/v2\/users\/1"}],"replies":[{"embeddable":true,"href":"https:\/\/polygone-ing.com\/wp-json\/wp\/v2\/comments?post=25"}],"version-history":[{"count":53,"href":"https:\/\/polygone-ing.com\/wp-json\/wp\/v2\/pages\/25\/revisions"}],"predecessor-version":[{"id":1860,"href":"https:\/\/polygone-ing.com\/wp-json\/wp\/v2\/pages\/25\/revisions\/1860"}],"wp:attachment":[{"href":"https:\/\/polygone-ing.com\/wp-json\/wp\/v2\/media?parent=25"}],"curies":[{"name":"wp","href":"https:\/\/api.w.org\/{rel}","templated":true}]}}